{"id":835,"date":"2022-06-09T17:18:39","date_gmt":"2022-06-09T17:18:39","guid":{"rendered":"https:\/\/demo.creativethemes.com\/elementor\/persona\/?page_id=835"},"modified":"2025-02-05T21:10:07","modified_gmt":"2025-02-05T21:10:07","slug":"about-us","status":"publish","type":"page","link":"https:\/\/4kliveiptv.ca\/es\/sobre-nosotros\/","title":{"rendered":"Sobre nosotros"},"content":{"rendered":"<div data-elementor-type=\"wp-page\" data-elementor-id=\"835\" class=\"elementor elementor-835\" data-elementor-post-type=\"page\">\n\t\t\t\t<div class=\"elementor-element elementor-element-f32d86d e-flex e-con-boxed e-con e-parent\" data-id=\"f32d86d\" data-element_type=\"container\">\n\t\t\t\t\t<div class=\"e-con-inner\">\n\t\t<div class=\"elementor-element elementor-element-f190a5a e-con-full e-flex e-con e-child\" data-id=\"f190a5a\" data-element_type=\"container\">\n\t\t\t\t<div class=\"elementor-element elementor-element-7044c7c elementor-widget elementor-widget-text-editor\" data-id=\"7044c7c\" data-element_type=\"widget\" data-widget_type=\"text-editor.default\">\n\t\t\t\t<div class=\"elementor-widget-container\">\n\t\t\t\t\t\t\t\t\t<p>QUIENES SOMOS<\/p><div class=\"elementor-element elementor-element-4c5ab6ef elementor-widget elementor-widget-heading\" data-id=\"4c5ab6ef\" data-element_type=\"widget\" data-widget_type=\"heading.default\"><div class=\"elementor-widget-container\">\u00a0<\/div><\/div>\t\t\t\t\t\t\t\t<\/div>\n\t\t\t\t<\/div>\n\t\t\t\t<div class=\"elementor-element elementor-element-fea6de6 elementor-widget elementor-widget-heading\" data-id=\"fea6de6\" data-element_type=\"widget\" data-widget_type=\"heading.default\">\n\t\t\t\t<div class=\"elementor-widget-container\">\n\t\t\t\t\t<h2 class=\"elementor-heading-title elementor-size-default\">Servicios premium de IPTV<\/h2>\t\t\t\t<\/div>\n\t\t\t\t<\/div>\n\t\t<div class=\"elementor-element elementor-element-def32c4 e-flex e-con-boxed e-con e-child\" data-id=\"def32c4\" data-element_type=\"container\">\n\t\t\t\t\t<div class=\"e-con-inner\">\n\t\t<div class=\"elementor-element elementor-element-0141be7 e-con-full e-flex e-con e-child\" data-id=\"0141be7\" data-element_type=\"container\">\n\t\t\t\t<div class=\"elementor-element elementor-element-9ddd808 elementor-widget elementor-widget-heading\" data-id=\"9ddd808\" data-element_type=\"widget\" data-widget_type=\"heading.default\">\n\t\t\t\t<div class=\"elementor-widget-container\">\n\t\t\t\t\t<h5 class=\"elementor-heading-title elementor-size-default\">Es un sitio web que se especializa en la venta de servicios de televisi\u00f3n por protocolo de Internet (IPTV), que es una tecnolog\u00eda que permite entregar programaci\u00f3n de televisi\u00f3n a trav\u00e9s de Internet.<\/h5>\t\t\t\t<\/div>\n\t\t\t\t<\/div>\n\t\t\t\t<\/div>\n\t\t\t\t\t<\/div>\n\t\t\t\t<\/div>\n\t\t\t\t<div class=\"elementor-element elementor-element-fa503f7 elementor-widget elementor-widget-button\" data-id=\"fa503f7\" data-element_type=\"widget\" data-widget_type=\"button.default\">\n\t\t\t\t<div class=\"elementor-widget-container\">\n\t\t\t\t\t\t\t\t\t<div class=\"elementor-button-wrapper\">\n\t\t\t\t\t<a class=\"elementor-button elementor-button-link elementor-size-md\" href=\"#\">\n\t\t\t\t\t\t<span class=\"elementor-button-content-wrapper\">\n\t\t\t\t\t\t\t\t\t<span class=\"elementor-button-text\">Cont\u00e1ctenos<\/span>\n\t\t\t\t\t<\/span>\n\t\t\t\t\t<\/a>\n\t\t\t\t<\/div>\n\t\t\t\t\t\t\t\t<\/div>\n\t\t\t\t<\/div>\n\t\t\t\t<\/div>\n\t\t\t\t<div class=\"elementor-element elementor-element-a3cc2d0 elementor-widget__width-initial elementor-widget elementor-widget-image\" data-id=\"a3cc2d0\" data-element_type=\"widget\" data-widget_type=\"image.default\">\n\t\t\t\t<div class=\"elementor-widget-container\">\n\t\t\t\t\t\t\t\t\t\t\t\t\t\t\t<img fetchpriority=\"high\" decoding=\"async\" width=\"1024\" height=\"576\" src=\"https:\/\/4kliveiptv.ca\/wp-content\/uploads\/2024\/01\/bg-8-1024x576-1.jpg\" class=\"attachment-full size-full wp-image-1735\" alt=\"IPTV Trial Subscription\" srcset=\"https:\/\/4kliveiptv.ca\/wp-content\/uploads\/2024\/01\/bg-8-1024x576-1.jpg 1024w, https:\/\/4kliveiptv.ca\/wp-content\/uploads\/2024\/01\/bg-8-1024x576-1-600x338.jpg 600w, https:\/\/4kliveiptv.ca\/wp-content\/uploads\/2024\/01\/bg-8-1024x576-1-300x169.jpg 300w, https:\/\/4kliveiptv.ca\/wp-content\/uploads\/2024\/01\/bg-8-1024x576-1-768x432.jpg 768w, https:\/\/4kliveiptv.ca\/wp-content\/uploads\/2024\/01\/bg-8-1024x576-1-18x10.jpg 18w\" sizes=\"(max-width: 1024px) 100vw, 1024px\" \/>\t\t\t\t\t\t\t\t\t\t\t\t\t\t\t<\/div>\n\t\t\t\t<\/div>\n\t\t\t\t\t<\/div>\n\t\t\t\t<\/div>\n\t\t<div class=\"elementor-element elementor-element-3833c42 e-flex e-con-boxed e-con e-parent\" data-id=\"3833c42\" data-element_type=\"container\" data-settings=\"{&quot;background_background&quot;:&quot;classic&quot;}\">\n\t\t\t\t\t<div class=\"e-con-inner\">\n\t\t<div class=\"elementor-element elementor-element-fed2aad e-con-full e-flex e-con e-child\" data-id=\"fed2aad\" data-element_type=\"container\">\n\t\t\t\t<div class=\"elementor-element elementor-element-5b6e380 elementor-widget elementor-widget-text-editor\" data-id=\"5b6e380\" data-element_type=\"widget\" data-widget_type=\"text-editor.default\">\n\t\t\t\t<div class=\"elementor-widget-container\">\n\t\t\t\t\t\t\t\t\t<p>A continuaci\u00f3n se detallan algunos elementos clave que pueden incluirse en los servicios de IPTV SMARTER PRO:<\/p>\t\t\t\t\t\t\t\t<\/div>\n\t\t\t\t<\/div>\n\t\t\t\t<div class=\"elementor-element elementor-element-88a871a elementor-widget elementor-widget-text-editor\" data-id=\"88a871a\" data-element_type=\"widget\" data-widget_type=\"text-editor.default\">\n\t\t\t\t<div class=\"elementor-widget-container\">\n\t\t\t\t\t\t\t\t\t<ol><li><strong>Planes de suscripci\u00f3n: IPTV SMARTER PRO puede ofrecer varios planes de suscripci\u00f3n con diferentes precios y opciones de canales para que los clientes elijan.\u00a0<\/strong><\/li><li><strong>Lista de canales: IPTV SMARTER PRO puede proporcionar una lista de canales que est\u00e1n disponibles con cada plan de suscripci\u00f3n, incluidos canales locales, regionales e internacionales.<\/strong><\/li><li><strong>Compatibilidad de dispositivos: IPTV SMARTER PRO puede proporcionar informaci\u00f3n sobre los dispositivos que son compatibles con su servicio de IPTV, como televisores inteligentes, cajas de transmisi\u00f3n y dispositivos m\u00f3viles.<\/strong><\/li><li><strong>Soporte t\u00e9cnico: IPTV SMARTER PRO puede ofrecer soporte t\u00e9cnico para clientes que experimenten problemas con su servicio de IPTV, incluidas gu\u00edas de soluci\u00f3n de problemas y asistencia de servicio al cliente.<\/strong><\/li><li><strong>Opciones de pago: IPTV SMARTER PRO puede ofrecer varias opciones de pago para que los clientes elijan, como tarjeta de cr\u00e9dito, PayPal u otras.<\/strong><\/li><li><strong>Interfaz de usuario: IPTV SMARTER PRO puede proporcionar una interfaz f\u00e1cil de usar que facilita a los clientes navegar y seleccionar el plan de suscripci\u00f3n que mejor se adapte a sus necesidades.\u00a0<\/strong><\/li><\/ol>\t\t\t\t\t\t\t\t<\/div>\n\t\t\t\t<\/div>\n\t\t\t\t<\/div>\n\t\t\t\t\t<\/div>\n\t\t\t\t<\/div>\n\t\t<div class=\"elementor-element elementor-element-a408810 e-flex e-con-boxed e-con e-parent\" data-id=\"a408810\" data-element_type=\"container\">\n\t\t\t\t\t<div class=\"e-con-inner\">\n\t\t\t\t<div class=\"elementor-element elementor-element-c740e5c elementor-widget elementor-widget-text-editor\" data-id=\"c740e5c\" data-element_type=\"widget\" data-widget_type=\"text-editor.default\">\n\t\t\t\t<div class=\"elementor-widget-container\">\n\t\t\t\t\t\t\t\t\t<p>Equipo<\/p>\t\t\t\t\t\t\t\t<\/div>\n\t\t\t\t<\/div>\n\t\t\t\t<div class=\"elementor-element elementor-element-03651ff ct-advanced-heading elementor-widget elementor-widget-heading\" data-id=\"03651ff\" data-element_type=\"widget\" data-widget_type=\"heading.default\">\n\t\t\t\t<div class=\"elementor-widget-container\">\n\t\t\t\t\t<h2 class=\"elementor-heading-title elementor-size-default\">Nuestro equipo<\/h2>\t\t\t\t<\/div>\n\t\t\t\t<\/div>\n\t\t\t\t\t<\/div>\n\t\t\t\t<\/div>\n\t\t<div class=\"elementor-element elementor-element-0c67d8f e-flex e-con-boxed e-con e-parent\" data-id=\"0c67d8f\" data-element_type=\"container\">\n\t\t\t\t\t<div class=\"e-con-inner\">\n\t\t<div class=\"elementor-element elementor-element-58af5e8 e-con-full e-flex e-con e-child\" data-id=\"58af5e8\" data-element_type=\"container\">\n\t\t\t\t<div class=\"elementor-element elementor-element-f4250b2 elementor-widget elementor-widget-image\" data-id=\"f4250b2\" data-element_type=\"widget\" data-widget_type=\"image.default\">\n\t\t\t\t<div class=\"elementor-widget-container\">\n\t\t\t\t\t\t\t\t\t\t\t\t\t\t\t<img decoding=\"async\" width=\"138\" height=\"138\" src=\"https:\/\/4kliveiptv.ca\/wp-content\/uploads\/2021\/06\/testimonial_avatar@2x.png\" class=\"attachment-large size-large wp-image-344\" alt=\"\" srcset=\"https:\/\/4kliveiptv.ca\/wp-content\/uploads\/2021\/06\/testimonial_avatar@2x.png 138w, https:\/\/4kliveiptv.ca\/wp-content\/uploads\/2021\/06\/testimonial_avatar@2x-100x100.png 100w\" sizes=\"(max-width: 138px) 100vw, 138px\" \/>\t\t\t\t\t\t\t\t\t\t\t\t\t\t\t<\/div>\n\t\t\t\t<\/div>\n\t\t\t\t<div class=\"elementor-element elementor-element-a0a5c5f elementor-widget elementor-widget-heading\" data-id=\"a0a5c5f\" data-element_type=\"widget\" data-widget_type=\"heading.default\">\n\t\t\t\t<div class=\"elementor-widget-container\">\n\t\t\t\t\t<h4 class=\"elementor-heading-title elementor-size-default\">Ad\u00e1n<\/h4>\t\t\t\t<\/div>\n\t\t\t\t<\/div>\n\t\t\t\t<div class=\"elementor-element elementor-element-7d845f6 elementor-widget elementor-widget-text-editor\" data-id=\"7d845f6\" data-element_type=\"widget\" data-widget_type=\"text-editor.default\">\n\t\t\t\t<div class=\"elementor-widget-container\">\n\t\t\t\t\t\t\t\t\t<p>CEO y Fundador<\/p>\t\t\t\t\t\t\t\t<\/div>\n\t\t\t\t<\/div>\n\t\t\t\t<\/div>\n\t\t<div class=\"elementor-element elementor-element-74634c3 e-con-full e-flex e-con e-child\" data-id=\"74634c3\" data-element_type=\"container\">\n\t\t\t\t<div class=\"elementor-element elementor-element-cbfcf73 elementor-widget elementor-widget-image\" data-id=\"cbfcf73\" data-element_type=\"widget\" data-widget_type=\"image.default\">\n\t\t\t\t<div class=\"elementor-widget-container\">\n\t\t\t\t\t\t\t\t\t\t\t\t\t\t\t<img decoding=\"async\" width=\"150\" height=\"150\" src=\"https:\/\/4kliveiptv.ca\/wp-content\/uploads\/2021\/06\/team-member-2@2x-150x150.jpg\" class=\"attachment-thumbnail size-thumbnail wp-image-360\" alt=\"\" srcset=\"https:\/\/4kliveiptv.ca\/wp-content\/uploads\/2021\/06\/team-member-2@2x-150x150.jpg 150w, https:\/\/4kliveiptv.ca\/wp-content\/uploads\/2021\/06\/team-member-2@2x-300x300.jpg 300w, https:\/\/4kliveiptv.ca\/wp-content\/uploads\/2021\/06\/team-member-2@2x-100x100.jpg 100w, https:\/\/4kliveiptv.ca\/wp-content\/uploads\/2021\/06\/team-member-2@2x-500x500.jpg 500w\" sizes=\"(max-width: 150px) 100vw, 150px\" \/>\t\t\t\t\t\t\t\t\t\t\t\t\t\t\t<\/div>\n\t\t\t\t<\/div>\n\t\t\t\t<div class=\"elementor-element elementor-element-7086011 elementor-widget elementor-widget-heading\" data-id=\"7086011\" data-element_type=\"widget\" data-widget_type=\"heading.default\">\n\t\t\t\t<div class=\"elementor-widget-container\">\n\t\t\t\t\t<h4 class=\"elementor-heading-title elementor-size-default\">sara<\/h4>\t\t\t\t<\/div>\n\t\t\t\t<\/div>\n\t\t\t\t<div class=\"elementor-element elementor-element-016db8d elementor-widget elementor-widget-text-editor\" data-id=\"016db8d\" data-element_type=\"widget\" data-widget_type=\"text-editor.default\">\n\t\t\t\t<div class=\"elementor-widget-container\">\n\t\t\t\t\t\t\t\t\t<p>Dise\u00f1ador<\/p>\t\t\t\t\t\t\t\t<\/div>\n\t\t\t\t<\/div>\n\t\t\t\t<\/div>\n\t\t<div class=\"elementor-element elementor-element-1ec58df e-con-full e-flex e-con e-child\" data-id=\"1ec58df\" data-element_type=\"container\">\n\t\t\t\t<div class=\"elementor-element elementor-element-731e267 elementor-widget elementor-widget-image\" data-id=\"731e267\" data-element_type=\"widget\" data-widget_type=\"image.default\">\n\t\t\t\t<div class=\"elementor-widget-container\">\n\t\t\t\t\t\t\t\t\t\t\t\t\t\t\t<img loading=\"lazy\" decoding=\"async\" width=\"150\" height=\"150\" src=\"https:\/\/4kliveiptv.ca\/wp-content\/uploads\/2021\/06\/team-member-4@2x-150x150.jpg\" class=\"attachment-thumbnail size-thumbnail wp-image-362\" alt=\"\" srcset=\"https:\/\/4kliveiptv.ca\/wp-content\/uploads\/2021\/06\/team-member-4@2x-150x150.jpg 150w, https:\/\/4kliveiptv.ca\/wp-content\/uploads\/2021\/06\/team-member-4@2x-300x300.jpg 300w, https:\/\/4kliveiptv.ca\/wp-content\/uploads\/2021\/06\/team-member-4@2x-100x100.jpg 100w, https:\/\/4kliveiptv.ca\/wp-content\/uploads\/2021\/06\/team-member-4@2x-500x500.jpg 500w\" sizes=\"(max-width: 150px) 100vw, 150px\" \/>\t\t\t\t\t\t\t\t\t\t\t\t\t\t\t<\/div>\n\t\t\t\t<\/div>\n\t\t\t\t<div class=\"elementor-element elementor-element-5891b25 elementor-widget elementor-widget-heading\" data-id=\"5891b25\" data-element_type=\"widget\" data-widget_type=\"heading.default\">\n\t\t\t\t<div class=\"elementor-widget-container\">\n\t\t\t\t\t<h4 class=\"elementor-heading-title elementor-size-default\">Esteban<\/h4>\t\t\t\t<\/div>\n\t\t\t\t<\/div>\n\t\t\t\t<div class=\"elementor-element elementor-element-a7f5630 elementor-widget elementor-widget-text-editor\" data-id=\"a7f5630\" data-element_type=\"widget\" data-widget_type=\"text-editor.default\">\n\t\t\t\t<div class=\"elementor-widget-container\">\n\t\t\t\t\t\t\t\t\t<p>T\u00e9cnico<\/p>\t\t\t\t\t\t\t\t<\/div>\n\t\t\t\t<\/div>\n\t\t\t\t<\/div>\n\t\t\t\t\t<\/div>\n\t\t\t\t<\/div>\n\t\t<div class=\"elementor-element elementor-element-1e67f1fb e-flex e-con-boxed e-con e-parent\" data-id=\"1e67f1fb\" data-element_type=\"container\">\n\t\t\t\t\t<div class=\"e-con-inner\">\n\t\t<div class=\"elementor-element elementor-element-6d0f2d98 e-flex e-con-boxed e-con e-child\" data-id=\"6d0f2d98\" data-element_type=\"container\" data-settings=\"{&quot;background_background&quot;:&quot;classic&quot;}\">\n\t\t\t\t\t<div class=\"e-con-inner\">\n\t\t<div class=\"elementor-element elementor-element-23e14408 e-con-full e-flex e-con e-child\" data-id=\"23e14408\" data-element_type=\"container\">\n\t\t\t\t<div class=\"elementor-element elementor-element-57ee1910 elementor-widget elementor-widget-heading\" data-id=\"57ee1910\" data-element_type=\"widget\" data-widget_type=\"heading.default\">\n\t\t\t\t<div class=\"elementor-widget-container\">\n\t\t\t\t\t<h2 class=\"elementor-heading-title elementor-size-default\">DESCUENTO 30%<\/h2>\t\t\t\t<\/div>\n\t\t\t\t<\/div>\n\t\t\t\t<div class=\"elementor-element elementor-element-857315d elementor-widget elementor-widget-text-editor\" data-id=\"857315d\" data-element_type=\"widget\" data-widget_type=\"text-editor.default\">\n\t\t\t\t<div class=\"elementor-widget-container\">\n\t\t\t\t\t\t\t\t\t<p>Descuento 30% para suscripci\u00f3n multianual +2 suscripci\u00f3n\u00a0<\/p>\t\t\t\t\t\t\t\t<\/div>\n\t\t\t\t<\/div>\n\t\t\t\t<div class=\"elementor-element elementor-element-73f05a96 elementor-widget elementor-widget-button\" data-id=\"73f05a96\" data-element_type=\"widget\" data-widget_type=\"button.default\">\n\t\t\t\t<div class=\"elementor-widget-container\">\n\t\t\t\t\t\t\t\t\t<div class=\"elementor-button-wrapper\">\n\t\t\t\t\t<a class=\"elementor-button elementor-button-link elementor-size-md\" href=\"https:\/\/wa.me\/447494611895\" rel=\"noopener\">\n\t\t\t\t\t\t<span class=\"elementor-button-content-wrapper\">\n\t\t\t\t\t\t\t\t\t<span class=\"elementor-button-text\">habla con nosotros<\/span>\n\t\t\t\t\t<\/span>\n\t\t\t\t\t<\/a>\n\t\t\t\t<\/div>\n\t\t\t\t\t\t\t\t<\/div>\n\t\t\t\t<\/div>\n\t\t\t\t<\/div>\n\t\t\t\t<div class=\"elementor-element elementor-element-57728b2c elementor-widget__width-initial elementor-widget elementor-widget-image\" data-id=\"57728b2c\" data-element_type=\"widget\" data-widget_type=\"image.default\">\n\t\t\t\t<div class=\"elementor-widget-container\">\n\t\t\t\t\t\t\t\t\t\t\t\t\t\t\t<img loading=\"lazy\" decoding=\"async\" width=\"1024\" height=\"788\" src=\"https:\/\/4kliveiptv.ca\/wp-content\/uploads\/2024\/01\/59378-school-of-wheaton-high-discount-engineering-bhagalpur-1024x788.png\" class=\"attachment-large size-large wp-image-1737\" alt=\"Servicios premium de IPTV\" srcset=\"https:\/\/4kliveiptv.ca\/wp-content\/uploads\/2024\/01\/59378-school-of-wheaton-high-discount-engineering-bhagalpur-1024x788.png 1024w, https:\/\/4kliveiptv.ca\/wp-content\/uploads\/2024\/01\/59378-school-of-wheaton-high-discount-engineering-bhagalpur-600x462.png 600w, https:\/\/4kliveiptv.ca\/wp-content\/uploads\/2024\/01\/59378-school-of-wheaton-high-discount-engineering-bhagalpur-300x231.png 300w, https:\/\/4kliveiptv.ca\/wp-content\/uploads\/2024\/01\/59378-school-of-wheaton-high-discount-engineering-bhagalpur-768x591.png 768w, https:\/\/4kliveiptv.ca\/wp-content\/uploads\/2024\/01\/59378-school-of-wheaton-high-discount-engineering-bhagalpur-1536x1183.png 1536w, https:\/\/4kliveiptv.ca\/wp-content\/uploads\/2024\/01\/59378-school-of-wheaton-high-discount-engineering-bhagalpur-16x12.png 16w, https:\/\/4kliveiptv.ca\/wp-content\/uploads\/2024\/01\/59378-school-of-wheaton-high-discount-engineering-bhagalpur.png 1600w\" sizes=\"(max-width: 1024px) 100vw, 1024px\" \/>\t\t\t\t\t\t\t\t\t\t\t\t\t\t\t<\/div>\n\t\t\t\t<\/div>\n\t\t\t\t\t<\/div>\n\t\t\t\t<\/div>\n\t\t\t\t\t<\/div>\n\t\t\t\t<\/div>\n\t\t\t\t<\/div>","protected":false},"excerpt":{"rendered":"<p>Pellentesque tincidunt tristique neque, eget venenatis enim gravida quis. Fusce at egestas libero. Cras convallis egestas ullamcorper suspens.<\/p>","protected":false},"author":1,"featured_media":0,"parent":0,"menu_order":0,"comment_status":"closed","ping_status":"closed","template":"","meta":{"footnotes":""},"class_list":["post-835","page","type-page","status-publish","hentry"],"blocksy_meta":{"styles_descriptor":{"styles":{"desktop":"","tablet":"","mobile":""},"google_fonts":[],"version":6}},"jetpack_sharing_enabled":true,"_links":{"self":[{"href":"https:\/\/4kliveiptv.ca\/es\/wp-json\/wp\/v2\/pages\/835","targetHints":{"allow":["GET"]}}],"collection":[{"href":"https:\/\/4kliveiptv.ca\/es\/wp-json\/wp\/v2\/pages"}],"about":[{"href":"https:\/\/4kliveiptv.ca\/es\/wp-json\/wp\/v2\/types\/page"}],"author":[{"embeddable":true,"href":"https:\/\/4kliveiptv.ca\/es\/wp-json\/wp\/v2\/users\/1"}],"replies":[{"embeddable":true,"href":"https:\/\/4kliveiptv.ca\/es\/wp-json\/wp\/v2\/comments?post=835"}],"version-history":[{"count":8,"href":"https:\/\/4kliveiptv.ca\/es\/wp-json\/wp\/v2\/pages\/835\/revisions"}],"predecessor-version":[{"id":3047,"href":"https:\/\/4kliveiptv.ca\/es\/wp-json\/wp\/v2\/pages\/835\/revisions\/3047"}],"wp:attachment":[{"href":"https:\/\/4kliveiptv.ca\/es\/wp-json\/wp\/v2\/media?parent=835"}],"curies":[{"name":"wp","href":"https:\/\/api.w.org\/{rel}","templated":true}]}}